{"id":722,"date":"2024-10-23T09:15:14","date_gmt":"2024-10-23T09:15:14","guid":{"rendered":"https:\/\/www.halbfertigteile.at\/?page_id=722"},"modified":"2024-10-23T09:17:26","modified_gmt":"2024-10-23T09:17:26","slug":"impressum","status":"publish","type":"page","link":"https:\/\/www.halbfertigteile.at\/index.php\/impressum\/","title":{"rendered":"Impressum"},"content":{"rendered":"\t\t<div data-elementor-type=\"wp-page\" data-elementor-id=\"722\" class=\"elementor elementor-722\" data-elementor-post-type=\"page\">\n\t\t\t\t<div class=\"elementor-element elementor-element-78f90a5 e-flex e-con-boxed e-con e-parent\" data-id=\"78f90a5\" data-element_type=\"container\">\n\t\t\t\t\t<div class=\"e-con-inner\">\n\t\t\t\t<div class=\"elementor-element elementor-element-dbda42f elementor-widget elementor-widget-heading\" data-id=\"dbda42f\" data-element_type=\"widget\" data-widget_type=\"heading.default\">\n\t\t\t\t<div class=\"elementor-widget-container\">\n\t\t\t<h2 class=\"elementor-heading-title elementor-size-default\">Impressum<\/h2>\t\t<\/div>\n\t\t\t\t<\/div>\n\t\t\t\t<div class=\"elementor-element elementor-element-9902107 elementor-widget elementor-widget-text-editor\" data-id=\"9902107\" data-element_type=\"widget\" data-widget_type=\"text-editor.default\">\n\t\t\t\t<div class=\"elementor-widget-container\">\n\t\t\t\t\t\t\t<h3>MEDIENINHABER UND HERAUSGEBER<\/h3><div class=\"item-page\"><div class=\"item-content clearfix\"><p>MABA Fertigteilindustrie GmbH<br \/>Kirchdorfer Platz 1<br \/>A-2752 W\u00f6llersdorf<br \/>+43 \/ 5 \/ 7715 400<br \/>+43 \/ 5 \/ 7715 400-130<\/p><p>Gerichtsstand: Wiener Neustadt<br \/>UID-Nr.: ATU 20641303<br \/>DVR-Nr.: 0455024<br \/>FN: 120417i<\/p><p><span style=\"text-decoration: underline; color: #000000;\"><a style=\"color: #000000; text-decoration: underline;\" href=\"http:\/\/firmena-z.wko.at\/ecg.asp?MG=1135247\">Informationspflicht lt. \u00a7 5 Abs. 1 E-Commerce-Gesetz<\/a><\/span><\/p><h4>ISO ZERTIFIZIERUNG<\/h4><p><span style=\"text-decoration: underline; color: #000000;\"><a class=\"doclink jcepopup noicon docman_track_download k-ui-namespace\" style=\"color: #000000; text-decoration: underline;\" title=\"Quality Austria Zertifikat ISO 9001 2015\" href=\"https:\/\/maba.at\/dokumente\/unternehmen\/830-quality-austria-zertifikat-iso-9001-2015\/file\" target=\"_blank\" rel=\"noopener noreferrer\" data-mediabox-title=\"Quality Austria Zertifikat ISO 9001 2015\" data-title=\"Quality Austria Zertifikat ISO 9001 2015\" data-id=\"830\" data-processed=\"data-processed\">Quality Austria Zertifikat ISO 9001 2015 (809 KB)<\/a><\/span><\/p><\/div><\/div><p><strong>Foto- und Bildrechte:<br \/><\/strong>MABA Fertigteilindustrie GmbH<\/p><p><strong>Konzeption und Design:<\/strong><span style=\"text-decoration: underline;\">\u00a0<span style=\"color: #000000; text-decoration: underline;\"><a style=\"color: #000000; text-decoration: underline;\" href=\"http:\/\/www.movemus.at\/\" target=\"_blank\" rel=\"noopener noreferrer\">movemus brand positioning<\/a><\/span><\/span><br \/><strong>Technische Umsetzung: <\/strong><span style=\"text-decoration: underline; color: #000000;\"><a style=\"color: #000000; text-decoration: underline;\" href=\"http:\/\/kommaneun.at\">k9 Digital GmbH<\/a><\/span><\/p><div class=\"item-page\"><div class=\"item-content clearfix\"><h4>ALLGEMEINE BESTIMMUNGEN F\u00dcR INFORMATIONEN AUF DER MABA-WEBSITE<\/h4><p>Die bereitgestellten Informationen auf dieser Website wurden sorgf\u00e4ltig gepr\u00fcft und werden regelm\u00e4\u00dfig aktualisiert. MABA Fertigteilindustrie GmbH (im folgenden kurz \u201eMABA\u201c) \u00fcbernimmt dennoch keine Gew\u00e4hr f\u00fcr die Richtigkeit, die Vollst\u00e4ndigkeit, die Aktualit\u00e4t, Korrektheit oder die Verf\u00fcgbarkeit der im Rahmen auf dieser Website angebotenen und abrufbaren Informationen. MABA beh\u00e4lt es sich ausdr\u00fccklich vor, Teile der Website oder das gesamte Angebot ohne gesonderte Ank\u00fcndigung zu ver\u00e4ndern, zu erg\u00e4nzen, zu l\u00f6schen oder die Ver\u00f6ffentlichung zeitweise oder endg\u00fcltig einzustellen.<\/p><p>In Zusammenhang mit der Anwendung des MABA \u2013 Bemessungsprogramms f\u00fcr ROTOP Schleuderbetonst\u00fctzen, beider Nutzung von MABA Produktvorschl\u00e4gen sowie f\u00fcr das Herunterladen von technischen Dokumenten und von Programmen erkl\u00e4ren Sie sich mit den folgenden Bestimmungen einverstanden:<\/p><h5>PRODUKTVORSCHL\u00c4GE<\/h5><p>Die auf unserer Website erteilten Informationen sind g\u00e4nzlich unverbindlich. Aus den von MABA zur Verf\u00fcgunggestellten Informationen k\u00f6nnen Haftung- oder Gew\u00e4hrleistungsanspr\u00fcche nicht hergeleitet werden. MABA haftet daher nicht f\u00fcr Sch\u00e4den jeglicher Art \u2013 namentlich unmittelbare oder mittelbare Sch\u00e4den, Mangel- oderMangelfolgesch\u00e4den, Verluste oder Kosten, worunter insbesondere die entgangene Nutzung, Verdienstentgangund \/ oder entgangener Gewinn sowie Folgen von Gesch\u00e4ftsunterbrechungen fallen \u2013 , die aufgrund von fehlerhaften Angaben durch den Anwender entstehen, es sei denn, diese(r) Fehler beruhe(n) auf Vorsatz oder krass grober Fahrl\u00e4ssigkeit. Das Vorliegen von Vorsatz oder krass grober Fahrl\u00e4ssigkeit ist vom Anwender zu beweisen.<\/p><h5>DOKUMENTE<\/h5><p>MABA hat alle zur Verf\u00fcgung gestellten technischen Dokumente mit gro\u00dfer Sorgfalt erstellt und alle Angaben aufihre Richtigkeit hin gepr\u00fcft. Es kann dennoch nicht v\u00f6llig ausgeschlossen werden, dass die technischen Dokumente Fehler enthalten. MABA haftet daher nicht f\u00fcr Sch\u00e4den jeglicher Art \u2013 namentlich unmittelbare oder mittelbare Sch\u00e4den, Mangel- oder Mangelfolgesch\u00e4den, Verluste oder Kosten, worunter insbesondere die entgangene Nutzung,Verdienstentgang und \/ oder entgangener Gewinn sowie Folgen von Gesch\u00e4ftsunterbrechungen fallen -, die aufgrund von fehlerhaften Angaben in den technischen Dokumenten entstehen, es sei denn, diese(r) Fehler beruhe(n) auf Vorsatz oder krass grober Fahrl\u00e4ssigkeit. Das Vorliegen von Vorsatz oder krass grober Fahrl\u00e4ssigkeit ist vom Anwender zu beweisen.<\/p><h5>PROGRAMME<\/h5><p>Das MABA \u2013 Bemessungsprogramm f\u00fcr ROTOP Schleuderbetonst\u00fctzen basiert auf standardisierten Verfahren und anerkannten Regeln der Technik. So basieren s\u00e4mtliche in den Programmen enthaltenen Informationen und Daten auf den Grunds\u00e4tzen, Formeln und Sicherheitsbestimmungen gem\u00e4\u00df den technischen Anweisungen und Bedienungs-, Setz- und Montageanleitungen usw. von MABA, welche vom Anwender strikt eingehalten werden m\u00fcssen.<\/p><p>Ergebnisse, die im Rahmen des MABA \u2013 Bemessungsprogramms f\u00fcr ROTOP Schleuderbetonst\u00fctzen erzielt werden,stellen keine zugesicherten Eigenschaften dar. So kann es nicht v\u00f6llig ausgeschlossen werden, dass die Programme einzelne Fehler enthalten.<\/p><p>S\u00e4mtliche enthaltenen Werte sind Bemessungswerte; d.h. alle materialseitigen Sicherheitsbeiwerte sind in denProgrammen implementiert; die lastseitigen Sicherheitsbeiwerte sind vom Anwender zu ber\u00fccksichtigen. MABA haftet nicht f\u00fcr Sch\u00e4den jeglicher Art \u2013 namentlich unmittelbare oder mittelbare Sch\u00e4den, Mangel- oderMangelfolgesch\u00e4den, Verluste oder Kosten, worunter insbesondere die entgangene Nutzung, Verdienstentgangund \/ oder entgangener Gewinn sowie Folgen von Gesch\u00e4ftsunterbrechungen fallen -, die aufgrund fehlerhafter Anwendung der Programme entstehen.<\/p><p>\u00c4nderungen an den in den Programmen enthaltenen Daten durch den Anwender k\u00f6nnen Ergebnisse zur Folge haben,die mit den gesetzlichen und den MABA Sicherheitsbestimmungen nicht mehr \u00fcbereinstimmen. MABA \u00fcbernimmtdeshalb keinerlei Haftung f\u00fcr jegliche Sch\u00e4den, die aus den vom Anwender vorgenommenen \u00c4nderungen entstehen,und wird vom Anwender von s\u00e4mtlichen hieraus entstehenden Drittanspr\u00fcchen klag- und schadlos gehalten. Soweit vorstehend nicht anders geregelt, gelten unsere Allgemeinen Gesch\u00e4ftsbedingungen in der jeweils aktuellen Fassung. Sofern Teile oder einzelne Formulierungen dieses Textes der geltenden Rechtslage nicht, nicht mehr oder nicht vollst\u00e4ndig entsprechen sollten, bleiben die \u00fcbrigen Teile des Dokumentes in ihrem Inhalt und ihrer G\u00fcltigkeit davon unber\u00fchrt.<\/p><\/div><\/div>\t\t\t\t\t\t<\/div>\n\t\t\t\t<\/div>\n\t\t\t\t\t<\/div>\n\t\t\t\t<\/div>\n\t\t\t\t<\/div>\n\t\t","protected":false},"excerpt":{"rendered":"<p>Impressum MEDIENINHABER UND HERAUSGEBER MABA Fertigteilindustrie GmbHKirchdorfer Platz 1A-2752 W\u00f6llersdorf+43 \/ 5 \/ 7715 400+43 \/ 5 \/ 7715 400-130 Gerichtsstand: Wiener NeustadtUID-Nr.: ATU 20641303DVR-Nr.: 0455024FN: 120417i Informationspflicht lt. \u00a7 5 Abs. 1 E-Commerce-Gesetz ISO ZERTIFIZIERUNG Quality Austria Zertifikat ISO 9001 2015 (809 KB) Foto- und Bildrechte:MABA Fertigteilindustrie GmbH Konzeption und Design:\u00a0movemus brand positioningTechnische Umsetzung: [&hellip;]<\/p>\n","protected":false},"author":2,"featured_media":0,"parent":0,"menu_order":0,"comment_status":"closed","ping_status":"closed","template":"","meta":{"_acf_changed":false,"inline_featured_image":false,"footnotes":""},"class_list":["post-722","page","type-page","status-publish","hentry"],"acf":[],"_links":{"self":[{"href":"https:\/\/www.halbfertigteile.at\/index.php\/wp-json\/wp\/v2\/pages\/722","targetHints":{"allow":["GET"]}}],"collection":[{"href":"https:\/\/www.halbfertigteile.at\/index.php\/wp-json\/wp\/v2\/pages"}],"about":[{"href":"https:\/\/www.halbfertigteile.at\/index.php\/wp-json\/wp\/v2\/types\/page"}],"author":[{"embeddable":true,"href":"https:\/\/www.halbfertigteile.at\/index.php\/wp-json\/wp\/v2\/users\/2"}],"replies":[{"embeddable":true,"href":"https:\/\/www.halbfertigteile.at\/index.php\/wp-json\/wp\/v2\/comments?post=722"}],"version-history":[{"count":4,"href":"https:\/\/www.halbfertigteile.at\/index.php\/wp-json\/wp\/v2\/pages\/722\/revisions"}],"predecessor-version":[{"id":726,"href":"https:\/\/www.halbfertigteile.at\/index.php\/wp-json\/wp\/v2\/pages\/722\/revisions\/726"}],"wp:attachment":[{"href":"https:\/\/www.halbfertigteile.at\/index.php\/wp-json\/wp\/v2\/media?parent=722"}],"curies":[{"name":"wp","href":"https:\/\/api.w.org\/{rel}","templated":true}]}}